{"id":955,"date":"2021-06-02T08:23:26","date_gmt":"2021-06-02T08:23:26","guid":{"rendered":"https:\/\/meru-view-lodge.com\/?page_id=955"},"modified":"2021-06-02T08:23:26","modified_gmt":"2021-06-02T08:23:26","slug":"aktivitaeten","status":"publish","type":"page","link":"https:\/\/meru-view-lodge.com\/?page_id=955&lang=de","title":{"rendered":"Aktivit\u00e4ten"},"content":{"rendered":"<p><div class=\"fusion-fullwidth fullwidth-box fusion-builder-row-1 fusion-flex-container fusion-parallax-none nonhundred-percent-fullwidth non-hundred-percent-height-scrolling lazyload fusion-custom-z-index\" style=\"background-color: rgba(255,255,255,0);background-position: center bottom;background-repeat: no-repeat;border-width: 0px 0px 0px 0px;border-color:#e2e2e2;border-style:solid;-webkit-background-size:cover;-moz-background-size:cover;-o-background-size:cover;background-size:cover;\" data-bg=\"https:\/\/meru-view-lodge.com\/wp-content\/uploads\/2021\/04\/activities.jpg\" ><div class=\"fusion-builder-row fusion-row fusion-flex-align-items-flex-start\" style=\"max-width:1248px;margin-left: calc(-4% \/ 2 );margin-right: calc(-4% \/ 2 );\"><div class=\"fusion-layout-column fusion_builder_column fusion-builder-column-0 fusion_builder_column_1_1 1_1 fusion-flex-column\"><div class=\"fusion-column-wrapper fusion-flex-justify-content-flex-start fusion-content-layout-column\" style=\"background-position:left top;background-repeat:no-repeat;-webkit-background-size:cover;-moz-background-size:cover;-o-background-size:cover;background-size:cover;padding: 0px 0px 0px 0px;\"><style type=\"text\/css\">@media only screen and (max-width:1024px) {.fusion-title.fusion-title-1{margin-top:-20px!important;margin-bottom:20px!important;}}@media only screen and (max-width:640px) {.fusion-title.fusion-title-1{margin-top:10px!important;margin-bottom:10px!important;}}<\/style><div class=\"fusion-title title fusion-title-1 fusion-sep-none fusion-title-center fusion-title-text fusion-title-size-one\" style=\"font-size:50px;margin-top:-20px;margin-bottom:20px;\"><h1 class=\"title-heading-center\" style=\"font-family:&quot;Roboto&quot;;font-weight:700;margin:0;font-size:1em;line-height:1em;color:#ffffff;\">Aktivit\u00e4ten<\/h1><\/div><\/div><\/div><style type=\"text\/css\">.fusion-body .fusion-builder-column-0{width:100% !important;margin-top : 0px;margin-bottom : 200px;}.fusion-builder-column-0 > .fusion-column-wrapper {padding-top : 0px !important;padding-right : 0px !important;margin-right : 1.92%;padding-bottom : 0px !important;padding-left : 0px !important;margin-left : 1.92%;}@media only screen and (max-width:1024px) {.fusion-body .fusion-builder-column-0{width:100% !important;order : 0;margin-bottom : 0px;}.fusion-builder-column-0 > .fusion-column-wrapper {margin-right : 1.92%;margin-left : 1.92%;}}@media only screen and (max-width:640px) {.fusion-body .fusion-builder-column-0{width:100% !important;order : 0;}.fusion-builder-column-0 > .fusion-column-wrapper {margin-right : 1.92%;margin-left : 1.92%;}}<\/style><\/div><style type=\"text\/css\">.fusion-fullwidth.fusion-builder-row-1 { z-index:0 !important; }.fusion-body .fusion-flex-container.fusion-builder-row-1{ padding-top : 200px;margin-top : -65px;padding-right : 0px;padding-bottom : 0px;margin-bottom : 0px;padding-left : 0px;}@media only screen and (max-width:1024px) {.fusion-body .fusion-flex-container.fusion-builder-row-1{ padding-top : 200px;padding-bottom : 250px;}}@media only screen and (max-width:640px) {.fusion-body .fusion-flex-container.fusion-builder-row-1{ padding-top : 120px;padding-bottom : 200px;}}<\/style><\/div><div class=\"fusion-fullwidth fullwidth-box fusion-builder-row-2 fusion-flex-container hundred-percent-fullwidth non-hundred-percent-height-scrolling\" style=\"background-color: rgba(255,255,255,0);background-position: center center;background-repeat: no-repeat;border-width: 0px 0px 0px 0px;border-color:#e2e2e2;border-style:solid;\" ><div class=\"fusion-builder-row fusion-row fusion-flex-align-items-stretch\" style=\"width:104% !important;max-width:104% !important;margin-left: calc(-4% \/ 2 );margin-right: calc(-4% \/ 2 );\"><div class=\"fusion-layout-column fusion_builder_column fusion-builder-column-1 fusion_builder_column_1_2 1_2 fusion-flex-column\"><div class=\"fusion-column-wrapper lazyload fusion-flex-justify-content-flex-start fusion-content-layout-column\" style=\"background-position:left center;background-repeat:no-repeat;-webkit-background-size:cover;-moz-background-size:cover;-o-background-size:cover;background-size:cover;padding: 10px 0px 0px 60px;\" data-bg-url=\"https:\/\/meru-view-lodge.com\/wp-content\/uploads\/2021\/04\/MANYARA4.jpg\" data-bg-height=\"536\" data-bg-width=\"700\" data-bg=\"https:\/\/meru-view-lodge.com\/wp-content\/uploads\/2021\/04\/MANYARA4.jpg\"><\/div><\/div><style type=\"text\/css\">.fusion-body .fusion-builder-column-1{width:50% !important;margin-top : 0px;margin-bottom : 0px;}.fusion-builder-column-1 > .fusion-column-wrapper {padding-top : 10px !important;padding-right : 0px !important;margin-right : 0%;padding-bottom : 0px !important;padding-left : 60px !important;margin-left : 3.84%;}@media only screen and (max-width:1024px) {.fusion-body .fusion-builder-column-1{width:50% !important;order : 0;}.fusion-builder-column-1 > .fusion-column-wrapper {margin-right : 0%;margin-left : 3.84%;}}@media only screen and (max-width:640px) {.fusion-body .fusion-builder-column-1{width:100% !important;order : 1;}.fusion-builder-column-1 > .fusion-column-wrapper {margin-right : 1.92%;margin-left : 1.92%;}}<\/style><div class=\"fusion-layout-column fusion_builder_column fusion-builder-column-2 fusion_builder_column_1_2 1_2 fusion-flex-column\"><div class=\"fusion-column-wrapper fusion-flex-justify-content-flex-start fusion-content-layout-column\" style=\"background-position:left top;background-repeat:no-repeat;-webkit-background-size:cover;-moz-background-size:cover;-o-background-size:cover;background-size:cover;padding: 100px 60px 100px 60px;\"><style type=\"text\/css\">@media only screen and (max-width:1024px) {.fusion-title.fusion-title-2{margin-top:-20px!important;margin-bottom:20px!important;}}@media only screen and (max-width:640px) {.fusion-title.fusion-title-2{margin-top:10px!important;margin-bottom:10px!important;}}<\/style><div class=\"fusion-title title fusion-title-2 fusion-sep-none fusion-title-text fusion-title-size-one\" style=\"font-size:28px;margin-top:-20px;margin-bottom:20px;\"><h1 class=\"title-heading-left sm-text-align-center\" style=\"font-family:&quot;Roboto&quot;;font-weight:700;margin:0;font-size:1em;line-height:1em;color:#b58663;\">ORNITHOLOGIE<\/h1><\/div><div class=\"fusion-text fusion-text-1 sm-text-align-center\" style=\"transform:translate3d(0,0,0);\"><p>Der Arusha National Park und insbesondere die Momella Seen bieten hervorragende Vogelbeobachtungen. Der Nationalpark beherbergt mehr als 400 Arten von Brut- und Zugv\u00f6gel. Dazu geh\u00f6ren viele Wasserv\u00f6gel wie Enten, Reiher und G\u00e4nse, aber auch Adler, Papageien, Spechte, Spinte und Eisv\u00f6gel.<\/p>\n<\/div><\/div><\/div><style type=\"text\/css\">.fusion-body .fusion-builder-column-2{width:50% !important;margin-top : 0px;margin-bottom : 0px;}.fusion-builder-column-2 > .fusion-column-wrapper {padding-top : 100px !important;padding-right : 60px !important;margin-right : 3.84%;padding-bottom : 100px !important;padding-left : 60px !important;margin-left : 3.84%;}@media only screen and (max-width:1024px) {.fusion-body .fusion-builder-column-2{width:50% !important;order : 0;}.fusion-builder-column-2 > .fusion-column-wrapper {margin-right : 3.84%;margin-left : 3.84%;}}@media only screen and (max-width:640px) {.fusion-body .fusion-builder-column-2{width:100% !important;order : 0;}.fusion-builder-column-2 > .fusion-column-wrapper {margin-right : 1.92%;margin-left : 1.92%;}}<\/style><\/div><style type=\"text\/css\">.fusion-body .fusion-flex-container.fusion-builder-row-2{ padding-top : 0px;margin-top : 0px;padding-right : 0px;padding-bottom : 0px;margin-bottom : 0px;padding-left : 0px;}<\/style><\/div><div class=\"fusion-fullwidth fullwidth-box fusion-builder-row-3 fusion-flex-container hundred-percent-fullwidth non-hundred-percent-height-scrolling\" style=\"background-color: rgba(255,255,255,0);background-position: center center;background-repeat: no-repeat;border-width: 0px 0px 0px 0px;border-color:#e2e2e2;border-style:solid;\" ><div class=\"fusion-builder-row fusion-row fusion-flex-align-items-stretch\" style=\"width:104% !important;max-width:104% !important;margin-left: calc(-4% \/ 2 );margin-right: calc(-4% \/ 2 );\"><div class=\"fusion-layout-column fusion_builder_column fusion-builder-column-3 fusion_builder_column_1_2 1_2 fusion-flex-column\"><div class=\"fusion-column-wrapper fusion-flex-justify-content-flex-start fusion-content-layout-column\" style=\"background-position:left top;background-repeat:no-repeat;-webkit-background-size:cover;-moz-background-size:cover;-o-background-size:cover;background-size:cover;padding: 100px 60px 100px 60px;\"><style type=\"text\/css\">@media only screen and (max-width:1024px) {.fusion-title.fusion-title-3{margin-top:-20px!important;margin-bottom:20px!important;}}@media only screen and (max-width:640px) {.fusion-title.fusion-title-3{margin-top:10px!important;margin-bottom:10px!important;}}<\/style><div class=\"fusion-title title fusion-title-3 fusion-sep-none fusion-title-text fusion-title-size-one\" style=\"font-size:28px;margin-top:-20px;margin-bottom:20px;\"><h1 class=\"title-heading-left sm-text-align-center\" style=\"font-family:&quot;Roboto&quot;;font-weight:700;margin:0;font-size:1em;line-height:1em;color:#b58663;\">Kanufahrt auf dem Lake Duluti (Arusha)<\/h1><\/div><div class=\"fusion-text fusion-text-2 sm-text-align-center\" style=\"transform:translate3d(0,0,0);\"><div id=\"n-NMJAs1\" class=\"jsx-3701917481 layout-wrapper\" data-blockid=\"n-NMJAs1\">\n<p>\u00dcber die ruhigen Wasser dieses kleinen Kratersees in einen Kanu schwebend erlebt man die Vogelwelt aus einen ungewohnten Blickwinkel. Riesenfischer, Schreiseeadler Schlangenhalsvogel und viele mehr lassen sich gut beobachten. Die ruhige Fahrt dauert etwa 1,5 Stunden. Der See ist von einem spektakul\u00e4ren Wald umgeben, am Abend kehren hunderte von Kuhreiher in ihre Schlafb\u00e4ume zur\u00fcck.<\/p>\n<\/div>\n<\/div><\/div><\/div><style type=\"text\/css\">.fusion-body .fusion-builder-column-3{width:50% !important;margin-top : 0px;margin-bottom : 0px;}.fusion-builder-column-3 > .fusion-column-wrapper {padding-top : 100px !important;padding-right : 60px !important;margin-right : 0%;padding-bottom : 100px !important;padding-left : 60px !important;margin-left : 3.84%;}@media only screen and (max-width:1024px) {.fusion-body .fusion-builder-column-3{width:50% !important;order : 0;}.fusion-builder-column-3 > .fusion-column-wrapper {margin-right : 0%;margin-left : 3.84%;}}@media only screen and (max-width:640px) {.fusion-body .fusion-builder-column-3{width:100% !important;order : 0;}.fusion-builder-column-3 > .fusion-column-wrapper {margin-right : 1.92%;margin-left : 1.92%;}}<\/style><div class=\"fusion-layout-column fusion_builder_column fusion-builder-column-4 fusion_builder_column_1_2 1_2 fusion-flex-column\"><div class=\"fusion-column-wrapper lazyload fusion-flex-justify-content-flex-start fusion-content-layout-column\" style=\"background-position:center center;background-repeat:no-repeat;-webkit-background-size:cover;-moz-background-size:cover;-o-background-size:cover;background-size:cover;padding: 0px 60px 0px 0px;\" data-bg-url=\"https:\/\/meru-view-lodge.com\/wp-content\/uploads\/2021\/04\/canonying.jpg\" data-bg-height=\"536\" data-bg-width=\"700\" data-bg=\"https:\/\/meru-view-lodge.com\/wp-content\/uploads\/2021\/04\/canonying.jpg\"><\/div><\/div><style type=\"text\/css\">.fusion-body .fusion-builder-column-4{width:50% !important;margin-top : 0px;margin-bottom : 0px;}.fusion-builder-column-4 > .fusion-column-wrapper {padding-top : 0px !important;padding-right : 60px !important;margin-right : 3.84%;padding-bottom : 0px !important;padding-left : 0px !important;margin-left : 3.84%;}@media only screen and (max-width:1024px) {.fusion-body .fusion-builder-column-4{width:50% !important;order : 0;}.fusion-builder-column-4 > .fusion-column-wrapper {margin-right : 3.84%;margin-left : 3.84%;}}@media only screen and (max-width:640px) {.fusion-body .fusion-builder-column-4{width:100% !important;order : 0;}.fusion-builder-column-4 > .fusion-column-wrapper {margin-right : 1.92%;margin-left : 1.92%;}}<\/style><\/div><style type=\"text\/css\">.fusion-body .fusion-flex-container.fusion-builder-row-3{ padding-top : 0px;margin-top : 0px;padding-right : 0px;padding-bottom : 0px;margin-bottom : 0px;padding-left : 20px;}<\/style><\/div><div class=\"fusion-fullwidth fullwidth-box fusion-builder-row-4 fusion-flex-container hundred-percent-fullwidth non-hundred-percent-height-scrolling\" style=\"background-color: rgba(255,255,255,0);background-position: center center;background-repeat: no-repeat;border-width: 0px 0px 0px 0px;border-color:#e2e2e2;border-style:solid;\" ><div class=\"fusion-builder-row fusion-row fusion-flex-align-items-stretch\" style=\"width:104% !important;max-width:104% !important;margin-left: calc(-4% \/ 2 );margin-right: calc(-4% \/ 2 );\"><div class=\"fusion-layout-column fusion_builder_column fusion-builder-column-5 fusion_builder_column_1_2 1_2 fusion-flex-column\"><div class=\"fusion-column-wrapper lazyload fusion-flex-justify-content-flex-start fusion-content-layout-column\" style=\"background-position:left center;background-repeat:no-repeat;-webkit-background-size:cover;-moz-background-size:cover;-o-background-size:cover;background-size:cover;padding: 0px 0px 0px 60px;\" data-bg-url=\"https:\/\/meru-view-lodge.com\/wp-content\/uploads\/2021\/04\/chemka-maji-moto.jpg\" data-bg-height=\"536\" data-bg-width=\"700\" data-bg=\"https:\/\/meru-view-lodge.com\/wp-content\/uploads\/2021\/04\/chemka-maji-moto.jpg\"><\/div><\/div><style type=\"text\/css\">.fusion-body .fusion-builder-column-5{width:50% !important;margin-top : 0px;margin-bottom : 0px;}.fusion-builder-column-5 > .fusion-column-wrapper {padding-top : 0px !important;padding-right : 0px !important;margin-right : 0%;padding-bottom : 0px !important;padding-left : 60px !important;margin-left : 3.84%;}@media only screen and (max-width:1024px) {.fusion-body .fusion-builder-column-5{width:50% !important;order : 0;}.fusion-builder-column-5 > .fusion-column-wrapper {margin-right : 0%;margin-left : 3.84%;}}@media only screen and (max-width:640px) {.fusion-body .fusion-builder-column-5{width:100% !important;order : 1;}.fusion-builder-column-5 > .fusion-column-wrapper {margin-right : 1.92%;margin-left : 1.92%;}}<\/style><div class=\"fusion-layout-column fusion_builder_column fusion-builder-column-6 fusion_builder_column_1_2 1_2 fusion-flex-column\"><div class=\"fusion-column-wrapper fusion-flex-justify-content-flex-start fusion-content-layout-column\" style=\"background-position:left top;background-repeat:no-repeat;-webkit-background-size:cover;-moz-background-size:cover;-o-background-size:cover;background-size:cover;padding: 100px 60px 100px 60px;\"><style type=\"text\/css\">@media only screen and (max-width:1024px) {.fusion-title.fusion-title-4{margin-top:-20px!important;margin-bottom:20px!important;}}@media only screen and (max-width:640px) {.fusion-title.fusion-title-4{margin-top:10px!important;margin-bottom:10px!important;}}<\/style><div class=\"fusion-title title fusion-title-4 fusion-sep-none fusion-title-text fusion-title-size-one\" style=\"font-size:28px;margin-top:-20px;margin-bottom:20px;\"><h1 class=\"title-heading-left sm-text-align-center\" style=\"font-family:&quot;Roboto&quot;;font-weight:700;margin:0;font-size:1em;line-height:1em;color:#b58663;\"><p>Chemka Hei\u00dfe Quellen<\/p>\n<div id=\"gtx-trans\" style=\"position: absolute; left: -19px; top: -10px;\">\n<div class=\"gtx-trans-icon\">\u00a0<\/div>\n<\/div><\/h1><\/div><div class=\"fusion-text fusion-text-3 sm-text-align-center\" style=\"transform:translate3d(0,0,0);\"><div id=\"n-ybAlVR\" class=\"jsx-3701917481 layout-wrapper\" data-blockid=\"n-ybAlVR\">\n<p>Gleicherma\u00dfen beliebt bei internationalen Besuchern wie bei Einheimischen sind die geothermalen Quellen von Kikuleta Hotsprings, auch bekannt als \u201eMaji Moto\u201c (hei\u00dfes Wasser).\u00a0 Erleben Sie einen Ausflug in diese idyllische Oase und begegnen Sie Menschen aus der Umgebung.<\/p>\n<\/div>\n<\/div><\/div><\/div><style type=\"text\/css\">.fusion-body .fusion-builder-column-6{width:50% !important;margin-top : 0px;margin-bottom : 0px;}.fusion-builder-column-6 > .fusion-column-wrapper {padding-top : 100px !important;padding-right : 60px !important;margin-right : 3.84%;padding-bottom : 100px !important;padding-left : 60px !important;margin-left : 0%;}@media only screen and (max-width:1024px) {.fusion-body .fusion-builder-column-6{width:50% !important;order : 0;}.fusion-builder-column-6 > .fusion-column-wrapper {margin-right : 3.84%;margin-left : 0%;}}@media only screen and (max-width:640px) {.fusion-body .fusion-builder-column-6{width:100% !important;order : 0;}.fusion-builder-column-6 > .fusion-column-wrapper {margin-right : 1.92%;margin-left : 1.92%;}}<\/style><\/div><style type=\"text\/css\">.fusion-body .fusion-flex-container.fusion-builder-row-4{ padding-top : 0px;margin-top : 0px;padding-right : 0px;padding-bottom : 0px;margin-bottom : 0px;padding-left : 0px;}<\/style><\/div><div class=\"fusion-fullwidth fullwidth-box fusion-builder-row-5 fusion-flex-container hundred-percent-fullwidth non-hundred-percent-height-scrolling\" style=\"background-color: rgba(255,255,255,0);background-position: center center;background-repeat: no-repeat;border-width: 0px 0px 0px 0px;border-color:#e2e2e2;border-style:solid;\" ><div class=\"fusion-builder-row fusion-row fusion-flex-align-items-stretch\" style=\"width:104% !important;max-width:104% !important;margin-left: calc(-4% \/ 2 );margin-right: calc(-4% \/ 2 );\"><div class=\"fusion-layout-column fusion_builder_column fusion-builder-column-7 fusion_builder_column_1_2 1_2 fusion-flex-column\"><div class=\"fusion-column-wrapper fusion-flex-justify-content-flex-start fusion-content-layout-column\" style=\"background-position:left top;background-repeat:no-repeat;-webkit-background-size:cover;-moz-background-size:cover;-o-background-size:cover;background-size:cover;padding: 100px 60px 100px 60px;\"><style type=\"text\/css\">@media only screen and (max-width:1024px) {.fusion-title.fusion-title-5{margin-top:-20px!important;margin-bottom:20px!important;}}@media only screen and (max-width:640px) {.fusion-title.fusion-title-5{margin-top:10px!important;margin-bottom:10px!important;}}<\/style><div class=\"fusion-title title fusion-title-5 fusion-sep-none fusion-title-text fusion-title-size-one\" style=\"font-size:28px;margin-top:-20px;margin-bottom:20px;\"><h1 class=\"title-heading-left sm-text-align-center\" style=\"font-family:&quot;Roboto&quot;;font-weight:700;margin:0;font-size:1em;line-height:1em;color:#b58663;\"><p>Kaffee Tour<\/p>\n<div id=\"gtx-trans\" style=\"position: absolute; left: -6px; top: -10px;\">\n<div class=\"gtx-trans-icon\">\u00a0<\/div>\n<\/div><\/h1><\/div><div class=\"fusion-text fusion-text-4 sm-text-align-center\" style=\"transform:translate3d(0,0,0);\"><p>Tansania\u2019s gr\u00f6\u00dftes Exportgut sind Arabica und Robusta Kaffeebohnen. Kein Wunder, dass man hier das Kaffeezubereiten perfektioniert hat. Durch den fruchtbarem vulkanischen Boden wurde Kaffee zu einer der wichtigsten Einnahmequelle vieler Tansanier. Ein gef\u00fchrter Rundgang durch eine der Plantagen lohnt sich auf jeden Fall. Erfahren Sie mehr \u00fcber die Herstellung, verkosten sie die verschiedenen Sorten und finden Sie heraus, was es mit dem Hype auf sich hat.<\/p>\n<\/div><\/div><\/div><style type=\"text\/css\">.fusion-body .fusion-builder-column-7{width:50% !important;margin-top : 0px;margin-bottom : 0px;}.fusion-builder-column-7 > .fusion-column-wrapper {padding-top : 100px !important;padding-right : 60px !important;margin-right : 0%;padding-bottom : 100px !important;padding-left : 60px !important;margin-left : 3.84%;}@media only screen and (max-width:1024px) {.fusion-body .fusion-builder-column-7{width:50% !important;order : 0;}.fusion-builder-column-7 > .fusion-column-wrapper {margin-right : 0%;margin-left : 3.84%;}}@media only screen and (max-width:640px) {.fusion-body .fusion-builder-column-7{width:100% !important;order : 0;}.fusion-builder-column-7 > .fusion-column-wrapper {margin-right : 1.92%;margin-left : 1.92%;}}<\/style><div class=\"fusion-layout-column fusion_builder_column fusion-builder-column-8 fusion_builder_column_1_2 1_2 fusion-flex-column\"><div class=\"fusion-column-wrapper lazyload fusion-flex-justify-content-flex-start fusion-content-layout-column\" style=\"background-position:center center;background-repeat:no-repeat;-webkit-background-size:cover;-moz-background-size:cover;-o-background-size:cover;background-size:cover;padding: 0px 60px 0px 0px;\" data-bg-url=\"https:\/\/meru-view-lodge.com\/wp-content\/uploads\/2021\/04\/P_20140917_122917-e1420119027773.jpg\" data-bg-height=\"844\" data-bg-width=\"1500\" data-bg=\"https:\/\/meru-view-lodge.com\/wp-content\/uploads\/2021\/04\/P_20140917_122917-e1420119027773.jpg\"><\/div><\/div><style type=\"text\/css\">.fusion-body .fusion-builder-column-8{width:50% !important;margin-top : 0px;margin-bottom : 0px;}.fusion-builder-column-8 > .fusion-column-wrapper {padding-top : 0px !important;padding-right : 60px !important;margin-right : 3.84%;padding-bottom : 0px !important;padding-left : 0px !important;margin-left : 3.84%;}@media only screen and (max-width:1024px) {.fusion-body .fusion-builder-column-8{width:50% !important;order : 0;}.fusion-builder-column-8 > .fusion-column-wrapper {margin-right : 3.84%;margin-left : 3.84%;}}@media only screen and (max-width:640px) {.fusion-body .fusion-builder-column-8{width:100% !important;order : 0;}.fusion-builder-column-8 > .fusion-column-wrapper {margin-right : 1.92%;margin-left : 1.92%;}}<\/style><\/div><style type=\"text\/css\">.fusion-body .fusion-flex-container.fusion-builder-row-5{ padding-top : 0px;margin-top : 0px;padding-right : 0px;padding-bottom : 0px;margin-bottom : 0px;padding-left : 0px;}<\/style><\/div><\/p>\n","protected":false},"excerpt":{"rendered":"","protected":false},"author":1,"featured_media":0,"parent":0,"menu_order":0,"comment_status":"closed","ping_status":"closed","template":"100-width.php","meta":{"footnotes":""},"_links":{"self":[{"href":"https:\/\/meru-view-lodge.com\/index.php?rest_route=\/wp\/v2\/pages\/955"}],"collection":[{"href":"https:\/\/meru-view-lodge.com\/index.php?rest_route=\/wp\/v2\/pages"}],"about":[{"href":"https:\/\/meru-view-lodge.com\/index.php?rest_route=\/wp\/v2\/types\/page"}],"author":[{"embeddable":true,"href":"https:\/\/meru-view-lodge.com\/index.php?rest_route=\/wp\/v2\/users\/1"}],"replies":[{"embeddable":true,"href":"https:\/\/meru-view-lodge.com\/index.php?rest_route=%2Fwp%2Fv2%2Fcomments&post=955"}],"version-history":[{"count":1,"href":"https:\/\/meru-view-lodge.com\/index.php?rest_route=\/wp\/v2\/pages\/955\/revisions"}],"predecessor-version":[{"id":956,"href":"https:\/\/meru-view-lodge.com\/index.php?rest_route=\/wp\/v2\/pages\/955\/revisions\/956"}],"wp:attachment":[{"href":"https:\/\/meru-view-lodge.com\/index.php?rest_route=%2Fwp%2Fv2%2Fmedia&parent=955"}],"curies":[{"name":"wp","href":"https:\/\/api.w.org\/{rel}","templated":true}]}}